{"id":1587,"date":"2022-10-11T15:28:56","date_gmt":"2022-10-11T15:28:56","guid":{"rendered":"https:\/\/mediaware.org\/channeltalks\/?page_id=1587"},"modified":"2022-10-17T19:06:43","modified_gmt":"2022-10-17T19:06:43","slug":"montevideo","status":"publish","type":"page","link":"https:\/\/mediaware.org\/channeltalks\/galeria-de-fotos-2022\/montevideo\/","title":{"rendered":"Montevideo"},"content":{"rendered":"<p>[et_pb_section fb_built=\u00bb1&#8243; custom_padding_last_edited=\u00bboff|desktop\u00bb admin_label=\u00bbHero\u00bb _builder_version=\u00bb4.17.3&#8243; _module_preset=\u00bbdefault\u00bb use_background_color_gradient=\u00bbon\u00bb background_color_gradient_stops=\u00bb#ffffff 0%|#e7edf9 100%\u00bb background_color_gradient_start=\u00bb#ffffff\u00bb background_color_gradient_end=\u00bb#e7edf9&#8243; background_image=\u00bbhttps:\/\/mediaware.org\/channeltalks\/wp-content\/uploads\/2022\/08\/NUEVO-BACK.jpg\u00bb custom_margin=\u00bb||-1px|||\u00bb custom_padding=\u00bb100px||136px|||\u00bb custom_padding_tablet=\u00bb130px||130px|\u00bb da_disable_devices=\u00bboff|off|off\u00bb collapsed=\u00bboff\u00bb global_colors_info=\u00bb{}\u00bb da_is_popup=\u00bboff\u00bb da_exit_intent=\u00bboff\u00bb da_has_close=\u00bbon\u00bb da_alt_close=\u00bboff\u00bb da_dark_close=\u00bboff\u00bb da_not_modal=\u00bbon\u00bb da_is_singular=\u00bboff\u00bb da_with_loader=\u00bboff\u00bb da_has_shadow=\u00bbon\u00bb][et_pb_row _builder_version=\u00bb4.17.6&#8243; _module_preset=\u00bbdefault\u00bb background_size=\u00bbinitial\u00bb background_position=\u00bbtop_left\u00bb background_repeat=\u00bbrepeat\u00bb max_width=\u00bb1920px\u00bb custom_margin=\u00bb0px|auto|-91px|auto|false|false\u00bb custom_padding=\u00bb0px||40px||false|false\u00bb global_colors_info=\u00bb{}\u00bb][et_pb_column type=\u00bb4_4&#8243; _builder_version=\u00bb4.16&#8243; _module_preset=\u00bbdefault\u00bb custom_padding=\u00bb|||\u00bb global_colors_info=\u00bb{}\u00bb custom_padding__hover=\u00bb|||\u00bb][et_pb_text _builder_version=\u00bb4.17.6&#8243; _module_preset=\u00bbdefault\u00bb text_font=\u00bb||||||||\u00bb header_font=\u00bbMontserrat|700|||||||\u00bb header_text_color=\u00bb#FFFFFF\u00bb header_font_size=\u00bb65px\u00bb header_line_height=\u00bb1.3em\u00bb text_orientation=\u00bbcenter\u00bb max_width=\u00bb700px\u00bb module_alignment=\u00bbcenter\u00bb custom_margin=\u00bb||0px|\u00bb animation_style=\u00bbflip\u00bb animation_direction=\u00bbtop\u00bb header_font_size_tablet=\u00bb59px\u00bb header_font_size_phone=\u00bb60px\u00bb header_font_size_last_edited=\u00bbon|desktop\u00bb global_colors_info=\u00bb{}\u00bb]<\/p>\n<h1>Montevideo, Uruguay<\/h1>\n<p>[\/et_pb_text][et_pb_text _builder_version=\u00bb4.17.6&#8243; _module_preset=\u00bbdefault\u00bb text_text_color=\u00bb#FFFFFF\u00bb text_font_size=\u00bb24px\u00bb text_line_height=\u00bb1.8em\u00bb text_orientation=\u00bbcenter\u00bb hover_enabled=\u00bb0&#8243; text_font_size_tablet=\u00bb18px\u00bb text_font_size_phone=\u00bb18px\u00bb text_font_size_last_edited=\u00bbon|phone\u00bb global_colors_info=\u00bb{}\u00bb sticky_enabled=\u00bb0&#8243;]<\/p>\n<p style=\"text-align: center;\"><span>Por primera vez en el pa\u00eds, se realiz\u00f3 el\u00a0<\/span><strong>ITseller Channel Talks Uruguay.<\/strong><span>\u00a0El tradicional evento de este medio, que ya se realiz\u00f3 en otros pa\u00edses de la regi\u00f3n, tuvo lugar el pasado jueves 6 de octubre en el\u00a0<\/span><strong>Sofitel Montevideo Casino Carrasco &amp; Spa<\/strong><span>. Hubo m\u00e1s de 200 registrados, quienes pudieron conocer de primera mano las novedades de las principales marcas y mayoristas de tecnolog\u00eda.<\/span><\/p>\n<p>[\/et_pb_text][et_pb_divider color=\u00bb#E02B20&#8243; divider_position=\u00bbcenter\u00bb divider_weight=\u00bb2px\u00bb _builder_version=\u00bb4.17.3&#8243; _module_preset=\u00bbdefault\u00bb max_width=\u00bb90px\u00bb max_width_tablet=\u00bb12%\u00bb max_width_last_edited=\u00bboff|desktop\u00bb module_alignment=\u00bbcenter\u00bb custom_margin=\u00bb|||\u00bb animation_style=\u00bbflip\u00bb animation_delay=\u00bb50ms\u00bb global_colors_info=\u00bb{}\u00bb][\/et_pb_divider][\/et_pb_column][\/et_pb_row][\/et_pb_section][et_pb_section fb_built=\u00bb1&#8243; admin_label=\u00bbGallery\u00bb _builder_version=\u00bb4.16&#8243; _module_preset=\u00bbdefault\u00bb custom_margin=\u00bb-87px|||||\u00bb custom_padding=\u00bb27px||0px|||\u00bb da_disable_devices=\u00bboff|off|off\u00bb global_colors_info=\u00bb{}\u00bb da_is_popup=\u00bboff\u00bb da_exit_intent=\u00bboff\u00bb da_has_close=\u00bbon\u00bb da_alt_close=\u00bboff\u00bb da_dark_close=\u00bboff\u00bb da_not_modal=\u00bbon\u00bb da_is_singular=\u00bboff\u00bb da_with_loader=\u00bboff\u00bb da_has_shadow=\u00bbon\u00bb][et_pb_row _builder_version=\u00bb4.17.6&#8243; _module_preset=\u00bbdefault\u00bb width_tablet=\u00bb\u00bb width_phone=\u00bb80%\u00bb width_last_edited=\u00bbon|phone\u00bb module_alignment=\u00bbcenter\u00bb custom_padding=\u00bb0px||0px|||\u00bb global_colors_info=\u00bb{}\u00bb][et_pb_column type=\u00bb4_4&#8243; _builder_version=\u00bb4.17.3&#8243; _module_preset=\u00bbdefault\u00bb global_colors_info=\u00bb{}\u00bb][et_pb_number_counter title=\u00bbregistrados\u00bb number=\u00bb200&#8243; percent_sign=\u00bboff\u00bb _builder_version=\u00bb4.17.6&#8243; _module_preset=\u00bbdefault\u00bb title_font=\u00bbMontserrat|||on|||||\u00bb title_text_color=\u00bb#000000&#8243; title_font_size=\u00bb20px\u00bb title_letter_spacing=\u00bb1px\u00bb title_line_height=\u00bb1.8em\u00bb number_font=\u00bbKarla|700|||||||\u00bb number_text_align=\u00bbcenter\u00bb number_text_color=\u00bb#f56845&#8243; number_font_size=\u00bb60px\u00bb number_line_height=\u00bb100px\u00bb width=\u00bb105.5%\u00bb custom_margin=\u00bb|0px|||false|false\u00bb custom_padding=\u00bb|0px||||\u00bb hover_enabled=\u00bb0&#8243; number_font_size_tablet=\u00bb60px\u00bb number_font_size_phone=\u00bb60px\u00bb number_font_size_last_edited=\u00bbon|phone\u00bb locked=\u00bboff\u00bb global_colors_info=\u00bb{}\u00bb sticky_enabled=\u00bb0&#8243;][\/et_pb_number_counter][\/et_pb_column][\/et_pb_row][et_pb_row _builder_version=\u00bb4.17.3&#8243; _module_preset=\u00bbdefault\u00bb custom_padding=\u00bb17px|||||\u00bb global_colors_info=\u00bb{}\u00bb][et_pb_column type=\u00bb4_4&#8243; _builder_version=\u00bb4.17.3&#8243; _module_preset=\u00bbdefault\u00bb global_colors_info=\u00bb{}\u00bb][et_pb_divider color=\u00bb#878787&#8243; divider_weight=\u00bb2px\u00bb _builder_version=\u00bb4.17.3&#8243; _module_preset=\u00bbdefault\u00bb width=\u00bb84%\u00bb module_alignment=\u00bbcenter\u00bb global_colors_info=\u00bb{}\u00bb][\/et_pb_divider][\/et_pb_column][\/et_pb_row][et_pb_row _builder_version=\u00bb4.17.6&#8243; _module_preset=\u00bbdefault\u00bb max_width=\u00bb1920px\u00bb custom_margin=\u00bb-23px|auto||auto||\u00bb custom_padding=\u00bb0px|||||\u00bb animation_style=\u00bbzoom\u00bb animation_intensity_zoom=\u00bb10%\u00bb global_colors_info=\u00bb{}\u00bb][et_pb_column type=\u00bb4_4&#8243; _builder_version=\u00bb4.16&#8243; _module_preset=\u00bbdefault\u00bb custom_padding=\u00bb|||\u00bb global_colors_info=\u00bb{}\u00bb custom_padding__hover=\u00bb|||\u00bb][et_pb_text _builder_version=\u00bb4.17.6&#8243; _module_preset=\u00bbdefault\u00bb text_font=\u00bbMontserrat|700|||||||\u00bb text_text_color=\u00bb#000000&#8243; text_font_size=\u00bb21px\u00bb header_font=\u00bbMontserrat||||||||\u00bb header_text_align=\u00bbcenter\u00bb header_font_size=\u00bb50px\u00bb header_2_text_color=\u00bb#000000&#8243; header_3_font=\u00bbMontserrat||||||||\u00bb header_3_text_align=\u00bbcenter\u00bb header_3_text_color=\u00bb#4646c4&#8243; header_3_font_size=\u00bb28px\u00bb header_3_line_height=\u00bb1.4em\u00bb text_orientation=\u00bbcenter\u00bb min_height=\u00bb43.2px\u00bb custom_margin=\u00bb||-7px|||\u00bb custom_padding=\u00bb25px||24px|||\u00bb header_text_align_tablet=\u00bbcenter\u00bb header_text_align_phone=\u00bbcenter\u00bb header_text_align_last_edited=\u00bbon|tablet\u00bb header_font_size_tablet=\u00bb42px\u00bb header_font_size_phone=\u00bb23px\u00bb header_font_size_last_edited=\u00bbon|desktop\u00bb locked=\u00bboff\u00bb global_colors_info=\u00bb{}\u00bb]<\/p>\n<h1>RESUMEN DEL EVENTO<\/h1>\n<p>[\/et_pb_text][et_pb_video src=\u00bbhttps:\/\/www.youtube.com\/watch?v=uuxnTAELgko&#038;t=1s\u00bb image_src=\u00bb\/\/i.ytimg.com\/vi\/QUv2wqCQKA4\/hqdefault.jpg\u00bb _builder_version=\u00bb4.17.6&#8243; _module_preset=\u00bbdefault\u00bb custom_padding=\u00bb0px|||||\u00bb hover_enabled=\u00bb0&#8243; global_colors_info=\u00bb{}\u00bb sticky_enabled=\u00bb0&#8243;][\/et_pb_video][\/et_pb_column][\/et_pb_row][et_pb_row _builder_version=\u00bb4.17.3&#8243; _module_preset=\u00bbdefault\u00bb global_colors_info=\u00bb{}\u00bb][et_pb_column type=\u00bb4_4&#8243; _builder_version=\u00bb4.17.3&#8243; _module_preset=\u00bbdefault\u00bb global_colors_info=\u00bb{}\u00bb][et_pb_divider color=\u00bb#878787&#8243; divider_weight=\u00bb2px\u00bb _builder_version=\u00bb4.17.6&#8243; _module_preset=\u00bbdefault\u00bb width=\u00bb100%\u00bb module_alignment=\u00bbcenter\u00bb global_colors_info=\u00bb{}\u00bb][\/et_pb_divider][\/et_pb_column][\/et_pb_row][et_pb_row column_structure=\u00bb1_3,1_3,1_3&#8243; _builder_version=\u00bb4.17.6&#8243; _module_preset=\u00bbdefault\u00bb max_width=\u00bb1920px\u00bb global_colors_info=\u00bb{}\u00bb][et_pb_column type=\u00bb1_3&#8243; _builder_version=\u00bb4.17.3&#8243; _module_preset=\u00bbdefault\u00bb global_colors_info=\u00bb{}\u00bb][et_pb_text _builder_version=\u00bb4.17.6&#8243; _module_preset=\u00bbdefault\u00bb text_font=\u00bbMontserrat|900||on|||||\u00bb text_text_color=\u00bb#000000&#8243; text_font_size=\u00bb24px\u00bb text_letter_spacing=\u00bb6px\u00bb header_text_color=\u00bb#000000&#8243; header_2_font=\u00bbMontserrat|700|||||||\u00bb header_2_text_align=\u00bbcenter\u00bb header_2_text_color=\u00bb#000000&#8243; text_orientation=\u00bbcenter\u00bb module_alignment=\u00bbcenter\u00bb custom_margin=\u00bb-5px||||false|false\u00bb custom_padding=\u00bb11px||0px||false|false\u00bb header_2_text_align_tablet=\u00bbcenter\u00bb header_2_text_align_phone=\u00bbcenter\u00bb header_2_text_align_last_edited=\u00bbon|phone\u00bb module_alignment_tablet=\u00bbcenter\u00bb module_alignment_phone=\u00bbcenter\u00bb module_alignment_last_edited=\u00bbon|desktop\u00bb border_color_all=\u00bb#000000&#8243; box_shadow_style=\u00bbpreset1&#8243; global_colors_info=\u00bb{}\u00bb border_color_all__hover_enabled=\u00bbon|hover\u00bb border_color_all__hover=\u00bb#E09900&#8243; border_color_bottom__hover_enabled=\u00bbon|hover\u00bb border_color_bottom__hover=\u00bb#E02B20&#8243; text_text_color__hover_enabled=\u00bbon|hover\u00bb text_text_color__hover=\u00bb#E02B20&#8243; header_2_text_color__hover_enabled=\u00bbon|desktop\u00bb header_2_text_color__hover=\u00bb#E02B20&#8243;]<\/p>\n<h2>Generales<\/h2>\n<p>[\/et_pb_text][et_pb_gallery gallery_ids=\u00bb1639,1627,1628,1629,1630,1631,1632,1633,1634,1635,1636,1637,1638,1640,1641,1642&#8243; fullwidth=\u00bbon\u00bb _builder_version=\u00bb4.17.6&#8243; _module_preset=\u00bbdefault\u00bb custom_padding=\u00bb||101px|||\u00bb hover_enabled=\u00bb0&#8243; global_colors_info=\u00bb{}\u00bb child_filter_hue_rotate__hover_enabled=\u00bbon|hover\u00bb child_filter_saturate__hover_enabled=\u00bbon|hover\u00bb child_filter_brightness__hover_enabled=\u00bbon|desktop\u00bb child_filter_contrast__hover=\u00bb101%\u00bb child_filter_contrast__hover_enabled=\u00bbon|hover\u00bb child_filter_opacity__hover=\u00bb100%\u00bb child_filter_opacity__hover_enabled=\u00bbon|hover\u00bb child_filter_blur__hover=\u00bb5px\u00bb child_filter_blur__hover_enabled=\u00bbon|hover\u00bb child_filter_saturate__hover=\u00bb0%\u00bb sticky_enabled=\u00bb0&#8243;][\/et_pb_gallery][\/et_pb_column][et_pb_column type=\u00bb1_3&#8243; _builder_version=\u00bb4.17.3&#8243; _module_preset=\u00bbdefault\u00bb global_colors_info=\u00bb{}\u00bb][et_pb_text _builder_version=\u00bb4.17.6&#8243; _module_preset=\u00bbdefault\u00bb text_font=\u00bbMontserrat|900||on|||||\u00bb text_text_color=\u00bb#000000&#8243; text_font_size=\u00bb24px\u00bb text_letter_spacing=\u00bb6px\u00bb header_text_color=\u00bb#000000&#8243; header_2_font=\u00bbMontserrat|700|||||||\u00bb header_2_text_align=\u00bbcenter\u00bb header_2_text_color=\u00bb#000000&#8243; text_orientation=\u00bbcenter\u00bb module_alignment=\u00bbcenter\u00bb custom_margin=\u00bb-5px||||false|false\u00bb custom_padding=\u00bb11px||0px||false|false\u00bb header_2_text_align_tablet=\u00bbcenter\u00bb header_2_text_align_phone=\u00bbcenter\u00bb header_2_text_align_last_edited=\u00bbon|phone\u00bb module_alignment_tablet=\u00bbcenter\u00bb module_alignment_phone=\u00bbcenter\u00bb module_alignment_last_edited=\u00bbon|desktop\u00bb border_color_all=\u00bb#000000&#8243; box_shadow_style=\u00bbpreset1&#8243; global_colors_info=\u00bb{}\u00bb border_color_all__hover_enabled=\u00bbon|hover\u00bb border_color_all__hover=\u00bb#E09900&#8243; text_text_color__hover=\u00bb#E02B20&#8243; text_text_color__hover_enabled=\u00bbon|hover\u00bb header_2_text_color__hover=\u00bb#E02B20&#8243; header_2_text_color__hover_enabled=\u00bbon|desktop\u00bb border_color_bottom__hover=\u00bb#E02B20&#8243; border_color_bottom__hover_enabled=\u00bbon|hover\u00bb]<\/p>\n<h2>stands<\/h2>\n<p>[\/et_pb_text][et_pb_gallery gallery_ids=\u00bb1654,1645,1652,1650,1651,1644,1647,1646,1648,1649,1653&#8243; fullwidth=\u00bbon\u00bb _builder_version=\u00bb4.17.6&#8243; _module_preset=\u00bbdefault\u00bb title_font=\u00bbMontserrat|200|||||||\u00bb title_text_align=\u00bbcenter\u00bb pagination_text_color=\u00bb#E09900&#8243; text_orientation=\u00bbright\u00bb custom_padding=\u00bb||85px|||\u00bb hover_enabled=\u00bb0&#8243; global_colors_info=\u00bb{}\u00bb child_filter_saturate__hover=\u00bb0%\u00bb child_filter_saturate__hover_enabled=\u00bbon|hover\u00bb child_filter_brightness__hover_enabled=\u00bbon|hover\u00bb child_filter_contrast__hover_enabled=\u00bbon|hover\u00bb child_filter_sepia__hover_enabled=\u00bbon|hover\u00bb child_filter_opacity__hover_enabled=\u00bbon|hover\u00bb child_filter_blur__hover=\u00bb5px\u00bb child_filter_blur__hover_enabled=\u00bbon|hover\u00bb background__hover_enabled=\u00bbon|hover\u00bb sticky_enabled=\u00bb0&#8243;][\/et_pb_gallery][\/et_pb_column][et_pb_column type=\u00bb1_3&#8243; _builder_version=\u00bb4.17.3&#8243; _module_preset=\u00bbdefault\u00bb global_colors_info=\u00bb{}\u00bb][et_pb_text _builder_version=\u00bb4.17.6&#8243; _module_preset=\u00bbdefault\u00bb text_font=\u00bbMontserrat|900||on|||||\u00bb text_text_color=\u00bb#000000&#8243; text_font_size=\u00bb24px\u00bb text_letter_spacing=\u00bb6px\u00bb header_text_color=\u00bb#000000&#8243; header_2_font=\u00bbMontserrat|700|||||||\u00bb header_2_text_align=\u00bbcenter\u00bb header_2_text_color=\u00bb#000000&#8243; text_orientation=\u00bbcenter\u00bb module_alignment=\u00bbcenter\u00bb custom_margin=\u00bb-5px||||false|false\u00bb custom_padding=\u00bb11px||0px||false|false\u00bb header_2_text_align_tablet=\u00bbcenter\u00bb header_2_text_align_phone=\u00bbcenter\u00bb header_2_text_align_last_edited=\u00bbon|phone\u00bb module_alignment_tablet=\u00bbcenter\u00bb module_alignment_phone=\u00bbcenter\u00bb module_alignment_last_edited=\u00bbon|desktop\u00bb border_color_all=\u00bb#000000&#8243; box_shadow_style=\u00bbpreset1&#8243; global_colors_info=\u00bb{}\u00bb border_color_all__hover_enabled=\u00bbon|hover\u00bb border_color_all__hover=\u00bb#E09900&#8243; text_text_color__hover=\u00bb#E02B20&#8243; text_text_color__hover_enabled=\u00bbon|hover\u00bb header_2_text_color__hover=\u00bb#E02B20&#8243; header_2_text_color__hover_enabled=\u00bbon|desktop\u00bb border_color_bottom__hover=\u00bb#E02B20&#8243; border_color_bottom__hover_enabled=\u00bbon|hover\u00bb]<\/p>\n<h2>charlas<\/h2>\n<p>[\/et_pb_text][et_pb_gallery gallery_ids=\u00bb1625,1623,1624,1626,1622&#8243; fullwidth=\u00bbon\u00bb _builder_version=\u00bb4.17.6&#8243; _module_preset=\u00bbdefault\u00bb custom_padding=\u00bb||101px|||\u00bb hover_enabled=\u00bb0&#8243; global_colors_info=\u00bb{}\u00bb child_filter_saturate__hover_enabled=\u00bbon|hover\u00bb child_filter_saturate__hover=\u00bb0%\u00bb child_filter_blur__hover_enabled=\u00bbon|hover\u00bb child_filter_blur__hover=\u00bb5px\u00bb child_filter_contrast__hover_enabled=\u00bbon|hover\u00bb child_filter_brightness__hover_enabled=\u00bbon|hover\u00bb child_filter_sepia__hover_enabled=\u00bbon|hover\u00bb child_filter_opacity__hover_enabled=\u00bbon|hover\u00bb background__hover_enabled=\u00bbon|hover\u00bb sticky_enabled=\u00bb0&#8243;][\/et_pb_gallery][\/et_pb_column][\/et_pb_row][\/et_pb_section][et_pb_section fb_built=\u00bb1&#8243; _builder_version=\u00bb4.17.6&#8243; _module_preset=\u00bbdefault\u00bb background_color=\u00bb#f9f9f9&#8243; width=\u00bb100%\u00bb max_width=\u00bb100%\u00bb module_alignment=\u00bbcenter\u00bb custom_padding=\u00bb0px||0px|||\u00bb da_disable_devices=\u00bboff|off|off\u00bb global_colors_info=\u00bb{}\u00bb da_is_popup=\u00bboff\u00bb da_exit_intent=\u00bboff\u00bb da_has_close=\u00bbon\u00bb da_alt_close=\u00bboff\u00bb da_dark_close=\u00bboff\u00bb da_not_modal=\u00bbon\u00bb da_is_singular=\u00bboff\u00bb da_with_loader=\u00bboff\u00bb da_has_shadow=\u00bbon\u00bb][et_pb_row column_structure=\u00bb1_2,1_2&#8243; _builder_version=\u00bb4.17.6&#8243; _module_preset=\u00bbdefault\u00bb width=\u00bb78%\u00bb max_width=\u00bb1920px\u00bb module_alignment=\u00bbcenter\u00bb global_colors_info=\u00bb{}\u00bb][et_pb_column type=\u00bb1_2&#8243; _builder_version=\u00bb4.17.3&#8243; _module_preset=\u00bbdefault\u00bb global_colors_info=\u00bb{}\u00bb][et_pb_text _builder_version=\u00bb4.17.6&#8243; _module_preset=\u00bbdefault\u00bb text_font=\u00bbMontserrat||||||||\u00bb text_font_size=\u00bb22px\u00bb header_font=\u00bbMontserrat|700|||||||\u00bb header_text_align=\u00bbleft\u00bb header_font_size=\u00bb45px\u00bb module_alignment=\u00bbcenter\u00bb custom_padding=\u00bb|||300px|false|false\u00bb custom_padding_tablet=\u00bb|||0px|false|false\u00bb custom_padding_phone=\u00bb|||0px|false|false\u00bb custom_padding_last_edited=\u00bbon|desktop\u00bb text_font_tablet=\u00bbMontserrat||||||||\u00bb text_font_phone=\u00bbMontserrat||||||||\u00bb text_font_last_edited=\u00bbon|tablet\u00bb text_font_size_tablet=\u00bb22px\u00bb text_font_size_phone=\u00bb15px\u00bb text_font_size_last_edited=\u00bbon|phone\u00bb header_text_align_tablet=\u00bbcenter\u00bb header_text_align_phone=\u00bbcenter\u00bb header_text_align_last_edited=\u00bbon|tablet\u00bb header_text_color_tablet=\u00bb\u00bb header_text_color_phone=\u00bb\u00bb header_text_color_last_edited=\u00bbon|phone\u00bb text_orientation_tablet=\u00bbcenter\u00bb text_orientation_phone=\u00bbcenter\u00bb text_orientation_last_edited=\u00bbon|phone\u00bb global_colors_info=\u00bb{}\u00bb]<\/p>\n<h1>Conoce m\u00e1s<\/h1>\n<p>Lee toda la cobertura en nuestra web<\/p>\n<p>[\/et_pb_text][\/et_pb_column][et_pb_column type=\u00bb1_2&#8243; _builder_version=\u00bb4.17.3&#8243; _module_preset=\u00bbdefault\u00bb global_colors_info=\u00bb{}\u00bb][et_pb_button button_url=\u00bbhttps:\/\/itseller.uy\/2022\/10\/12\/asi-se-vivio-el-itseller-channel-talks-uruguay\/\u00bb url_new_window=\u00bbon\u00bb button_text=\u00bbIR A LA NOTA\u00bb button_alignment=\u00bbleft\u00bb button_alignment_tablet=\u00bbcenter\u00bb button_alignment_phone=\u00bbcenter\u00bb button_alignment_last_edited=\u00bbon|desktop\u00bb _builder_version=\u00bb4.17.6&#8243; _module_preset=\u00bbdefault\u00bb custom_button=\u00bbon\u00bb button_text_size=\u00bb14px\u00bb button_text_color=\u00bb#FFFFFF\u00bb button_bg_color=\u00bb#E02B20&#8243; button_border_width=\u00bb0px\u00bb button_border_radius=\u00bb39px\u00bb button_font=\u00bbMontserrat|600|||||||\u00bb button_icon=\u00bb&#x24;||divi||400&#8243; custom_margin=\u00bb20px||||false|false\u00bb custom_padding=\u00bb|25%||25%|false|false\u00bb hover_enabled=\u00bb0&#8243; box_shadow_style=\u00bbpreset2&#8243; global_colors_info=\u00bb{}\u00bb button_bg_color__hover_enabled=\u00bbon|hover\u00bb button_bg_color__hover=\u00bb#E09900&#8243; button_bg_enable_color__hover=\u00bbon\u00bb sticky_enabled=\u00bb0&#8243;][\/et_pb_button][\/et_pb_column][\/et_pb_row][\/et_pb_section][et_pb_section fb_built=\u00bb1&#8243; admin_label=\u00bbSponsors\u00bb _builder_version=\u00bb4.16&#8243; _module_preset=\u00bbdefault\u00bb custom_padding=\u00bb0px|0px|100px|0px|false|\u00bb da_disable_devices=\u00bboff|off|off\u00bb global_colors_info=\u00bb{}\u00bb da_is_popup=\u00bboff\u00bb da_exit_intent=\u00bboff\u00bb da_has_close=\u00bbon\u00bb da_alt_close=\u00bboff\u00bb da_dark_close=\u00bboff\u00bb da_not_modal=\u00bbon\u00bb da_is_singular=\u00bboff\u00bb da_with_loader=\u00bboff\u00bb da_has_shadow=\u00bbon\u00bb][et_pb_row _builder_version=\u00bb4.17.3&#8243; _module_preset=\u00bbdefault\u00bb width=\u00bb100%\u00bb max_width=\u00bbnone\u00bb custom_margin=\u00bb|auto||auto|false|false\u00bb global_colors_info=\u00bb{}\u00bb][et_pb_column type=\u00bb4_4&#8243; _builder_version=\u00bb4.17.3&#8243; _module_preset=\u00bbdefault\u00bb global_colors_info=\u00bb{}\u00bb][et_pb_text _builder_version=\u00bb4.17.3&#8243; _module_preset=\u00bbdefault\u00bb text_font=\u00bbMontserrat|500|||||||\u00bb header_font=\u00bbMontserrat|300||on|||||\u00bb header_2_font=\u00bbMontserrat|||on|||||\u00bb header_2_text_align=\u00bbcenter\u00bb text_orientation=\u00bbcenter\u00bb module_alignment=\u00bbcenter\u00bb custom_margin=\u00bb0%||13px||false|false\u00bb custom_padding=\u00bb0px||0px||false|false\u00bb header_font_tablet=\u00bbMontserrat|300||on|||||\u00bb header_font_phone=\u00bbMontserrat|300||on|||||\u00bb header_font_last_edited=\u00bbon|tablet\u00bb header_font_size_tablet=\u00bb24px\u00bb header_font_size_phone=\u00bb24px\u00bb header_font_size_last_edited=\u00bbon|phone\u00bb header_2_font_size_tablet=\u00bb\u00bb header_2_font_size_phone=\u00bb21px\u00bb header_2_font_size_last_edited=\u00bbon|phone\u00bb text_text_shadow_style=\u00bbpreset1&#8243; global_colors_info=\u00bb{}\u00bb]<\/p>\n<h1 style=\"text-align: center;\">Nuestros <span style=\"color: #ff0000;\">Sponsors<\/span><\/h1>\n<p>[\/et_pb_text][et_pb_image src=\u00bbhttps:\/\/mediaware.org\/channeltalks\/wp-content\/uploads\/2022\/10\/footer-logos-MONTEVIDEO-1.jpg\u00bb title_text=\u00bbfooter logos MONTEVIDEO (1)\u00bb align=\u00bbcenter\u00bb src_tablet=\u00bbhttps:\/\/mediaware.org\/channeltalks\/wp-content\/uploads\/2022\/10\/footer-logos-MONTEVIDEO-1.png\u00bb src_phone=\u00bbhttps:\/\/mediaware.org\/channeltalks\/wp-content\/uploads\/2022\/10\/footer-logos-MONTEVIDEO-1.png\u00bb src_last_edited=\u00bbon|phone\u00bb align_tablet=\u00bb\u00bb align_phone=\u00bbcenter\u00bb align_last_edited=\u00bbon|phone\u00bb _builder_version=\u00bb4.17.6&#8243; _module_preset=\u00bbdefault\u00bb width=\u00bb100%\u00bb width_tablet=\u00bb100%\u00bb width_phone=\u00bb80%\u00bb width_last_edited=\u00bbon|tablet\u00bb custom_padding=\u00bb0px|0px||||\u00bb animation_style=\u00bbzoom\u00bb animation_direction=\u00bbleft\u00bb hover_enabled=\u00bb0&#8243; global_colors_info=\u00bb{}\u00bb sticky_enabled=\u00bb0&#8243;][\/et_pb_image][\/et_pb_column][\/et_pb_row][\/et_pb_section]<\/p>\n","protected":false},"excerpt":{"rendered":"<p>Montevideo, UruguayPor primera vez en el pa\u00eds, se realiz\u00f3 el\u00a0ITseller Channel Talks Uruguay.\u00a0El tradicional evento de este medio, que ya se realiz\u00f3 en otros pa\u00edses de la regi\u00f3n, tuvo lugar el pasado jueves 6 de octubre en el\u00a0Sofitel Montevideo Casino Carrasco &amp; Spa. Hubo m\u00e1s de 200 registrados, quienes pudieron conocer de primera mano las [&hellip;]<\/p>\n","protected":false},"author":5,"featured_media":0,"parent":980,"menu_order":0,"comment_status":"closed","ping_status":"closed","template":"","meta":{"_et_pb_use_builder":"on","_et_pb_old_content":"","_et_gb_content_width":"","footnotes":""},"class_list":["post-1587","page","type-page","status-publish","hentry"],"_links":{"self":[{"href":"https:\/\/mediaware.org\/channeltalks\/wp-json\/wp\/v2\/pages\/1587","targetHints":{"allow":["GET"]}}],"collection":[{"href":"https:\/\/mediaware.org\/channeltalks\/wp-json\/wp\/v2\/pages"}],"about":[{"href":"https:\/\/mediaware.org\/channeltalks\/wp-json\/wp\/v2\/types\/page"}],"author":[{"embeddable":true,"href":"https:\/\/mediaware.org\/channeltalks\/wp-json\/wp\/v2\/users\/5"}],"replies":[{"embeddable":true,"href":"https:\/\/mediaware.org\/channeltalks\/wp-json\/wp\/v2\/comments?post=1587"}],"version-history":[{"count":6,"href":"https:\/\/mediaware.org\/channeltalks\/wp-json\/wp\/v2\/pages\/1587\/revisions"}],"predecessor-version":[{"id":1657,"href":"https:\/\/mediaware.org\/channeltalks\/wp-json\/wp\/v2\/pages\/1587\/revisions\/1657"}],"up":[{"embeddable":true,"href":"https:\/\/mediaware.org\/channeltalks\/wp-json\/wp\/v2\/pages\/980"}],"wp:attachment":[{"href":"https:\/\/mediaware.org\/channeltalks\/wp-json\/wp\/v2\/media?parent=1587"}],"curies":[{"name":"wp","href":"https:\/\/api.w.org\/{rel}","templated":true}]}}